{"id":308,"date":"2020-10-23T18:57:15","date_gmt":"2020-10-23T15:57:15","guid":{"rendered":"https:\/\/startertemplatecloud.com\/e02\/?post_type=product&#038;p=308"},"modified":"2024-02-20T12:55:41","modified_gmt":"2024-02-20T11:55:41","slug":"i-see-you","status":"publish","type":"product","link":"https:\/\/bts.rekord.com.pl\/sklep\/produkt\/i-see-you\/","title":{"rendered":"Termos, kubek termiczny"},"content":{"rendered":"<p><b>Nasz kubek <\/b>\u00a0<b>to najlepsze cechy kubka termicznego i termosu w jednym produkcie.<\/b><\/p>\n<p>Wygodny rozmiar i ustnik, z kt\u00f3rego mo\u017cna \u0142atwo pi\u0107, po\u0142\u0105czone s\u0105 z ca\u0142kowicie szczelnym zamkni\u0119ciem nieprzepuszczaj\u0105cym cieczy oraz doskona\u0142\u0105 termoizolacj\u0105.\u00a0Dzi\u0119ki pr\u00f3\u017cni mi\u0119dzy \u015bciankami kubek\u00a0<b>trzyma temperatur\u0119 ok. 13 godzin.\u00a0<\/b>W produkcie zastosowano nowatorsk\u0105 blokad\u0119 zamka, kt\u00f3ra zabezpiecza kubek przed przypadkowym otwarciem.<\/p>\n","protected":false},"excerpt":{"rendered":"<p>Kubek\/termos z logotypem Rekord Bielsko-Bia\u0142a<\/p>\n","protected":false},"featured_media":1835,"template":"","meta":{"_kadence_starter_templates_imported_post":true,"_kad_post_transparent":"default","_kad_post_title":"","_kad_post_layout":"default","_kad_post_sidebar_id":"","_kad_post_content_style":"default","_kad_post_vertical_padding":"default","_kad_post_feature":"","_kad_post_feature_position":"","_kad_post_header":false,"_kad_post_footer":false},"product_brand":[],"product_cat":[61],"product_tag":[],"class_list":{"0":"post-308","1":"product","2":"type-product","3":"status-publish","4":"has-post-thumbnail","6":"product_cat-in","8":"first","9":"instock","10":"featured","11":"taxable","12":"shipping-taxable","13":"purchasable","14":"product-type-variable","15":"entry","16":"content-bg","17":"loop-entry"},"_links":{"self":[{"href":"https:\/\/bts.rekord.com.pl\/sklep\/wp-json\/wp\/v2\/product\/308","targetHints":{"allow":["GET"]}}],"collection":[{"href":"https:\/\/bts.rekord.com.pl\/sklep\/wp-json\/wp\/v2\/product"}],"about":[{"href":"https:\/\/bts.rekord.com.pl\/sklep\/wp-json\/wp\/v2\/types\/product"}],"wp:featuredmedia":[{"embeddable":true,"href":"https:\/\/bts.rekord.com.pl\/sklep\/wp-json\/wp\/v2\/media\/1835"}],"wp:attachment":[{"href":"https:\/\/bts.rekord.com.pl\/sklep\/wp-json\/wp\/v2\/media?parent=308"}],"wp:term":[{"taxonomy":"product_brand","embeddable":true,"href":"https:\/\/bts.rekord.com.pl\/sklep\/wp-json\/wp\/v2\/product_brand?post=308"},{"taxonomy":"product_cat","embeddable":true,"href":"https:\/\/bts.rekord.com.pl\/sklep\/wp-json\/wp\/v2\/product_cat?post=308"},{"taxonomy":"product_tag","embeddable":true,"href":"https:\/\/bts.rekord.com.pl\/sklep\/wp-json\/wp\/v2\/product_tag?post=308"}],"curies":[{"name":"wp","href":"https:\/\/api.w.org\/{rel}","templated":true}]}}