{"id":2958,"date":"2025-10-21T11:45:14","date_gmt":"2025-10-21T09:45:14","guid":{"rendered":"https:\/\/bts.rekord.com.pl\/sklep\/?post_type=product&#038;p=2958"},"modified":"2025-10-29T13:27:47","modified_gmt":"2025-10-29T12:27:47","slug":"szalik-klubowy-kopia","status":"publish","type":"product","link":"https:\/\/bts.rekord.com.pl\/sklep\/produkt\/szalik-klubowy-kopia\/","title":{"rendered":"Szalik klubowy &#8222;Idziemy na Rekord&#8221;"},"content":{"rendered":"<p>Szalik klubowy<\/p>\n<ul>\n<li><strong>Wysokiej Jako\u015bci Materia\u0142<\/strong>: Szalik wykonany z trwa\u0142ych, mi\u0119kkich materia\u0142\u00f3w, zapewniaj\u0105cy komfort i wytrzyma\u0142o\u015b\u0107.<\/li>\n<li><strong>Unikalny Design<\/strong>: Wyrazisty napis '#IDZIEMY NA REKORD&#8217;, b\u0119d\u0105cy has\u0142em przewodnim w sezonie 2025\/2026<\/li>\n<li><strong> Wyrazisty\u00a0<\/strong> herb\u00a0 klubu Rekordu Bielsko-Bia\u0142a<\/li>\n<\/ul>\n","protected":false},"excerpt":{"rendered":"<p>Szalik klubowy Wysokiej Jako\u015bci Materia\u0142: Szalik wykonany z trwa\u0142ych, mi\u0119kkich materia\u0142\u00f3w, zapewniaj\u0105cy komfort i wytrzyma\u0142o\u015b\u0107. Unikalny Design: Wyrazisty napis '#IDZIEMY NA REKORD&#8217;, b\u0119d\u0105cy has\u0142em przewodnim w sezonie 2025\/2026 Wyrazisty\u00a0 herb\u00a0 klubu Rekordu Bielsko-Bia\u0142a<\/p>\n","protected":false},"featured_media":2960,"template":"","meta":{"_kadence_starter_templates_imported_post":false,"_kad_post_transparent":"default","_kad_post_title":"","_kad_post_layout":"default","_kad_post_sidebar_id":"","_kad_post_content_style":"default","_kad_post_vertical_padding":"default","_kad_post_feature":"","_kad_post_feature_position":"","_kad_post_header":false,"_kad_post_footer":false},"product_brand":[],"product_cat":[70],"product_tag":[],"class_list":{"0":"post-2958","1":"product","2":"type-product","3":"status-publish","4":"has-post-thumbnail","6":"product_cat-kib","8":"first","9":"instock","10":"taxable","11":"shipping-taxable","12":"purchasable","13":"product-type-simple","14":"entry","15":"content-bg","16":"loop-entry"},"_links":{"self":[{"href":"https:\/\/bts.rekord.com.pl\/sklep\/wp-json\/wp\/v2\/product\/2958","targetHints":{"allow":["GET"]}}],"collection":[{"href":"https:\/\/bts.rekord.com.pl\/sklep\/wp-json\/wp\/v2\/product"}],"about":[{"href":"https:\/\/bts.rekord.com.pl\/sklep\/wp-json\/wp\/v2\/types\/product"}],"wp:featuredmedia":[{"embeddable":true,"href":"https:\/\/bts.rekord.com.pl\/sklep\/wp-json\/wp\/v2\/media\/2960"}],"wp:attachment":[{"href":"https:\/\/bts.rekord.com.pl\/sklep\/wp-json\/wp\/v2\/media?parent=2958"}],"wp:term":[{"taxonomy":"product_brand","embeddable":true,"href":"https:\/\/bts.rekord.com.pl\/sklep\/wp-json\/wp\/v2\/product_brand?post=2958"},{"taxonomy":"product_cat","embeddable":true,"href":"https:\/\/bts.rekord.com.pl\/sklep\/wp-json\/wp\/v2\/product_cat?post=2958"},{"taxonomy":"product_tag","embeddable":true,"href":"https:\/\/bts.rekord.com.pl\/sklep\/wp-json\/wp\/v2\/product_tag?post=2958"}],"curies":[{"name":"wp","href":"https:\/\/api.w.org\/{rel}","templated":true}]}}