{"id":2838,"date":"2024-10-30T12:09:26","date_gmt":"2024-10-30T11:09:26","guid":{"rendered":"https:\/\/bts.rekord.com.pl\/sklep\/?post_type=product&#038;p=2838"},"modified":"2024-10-31T09:35:52","modified_gmt":"2024-10-31T08:35:52","slug":"2838","status":"publish","type":"product","link":"https:\/\/bts.rekord.com.pl\/sklep\/produkt\/2838\/","title":{"rendered":"Propoczyki Main Round UEFA Futsal Champions League"},"content":{"rendered":"<p>Limitowana, kr\u00f3tka seria dedykowanych proporczyk\u00f3w z okazji wyst\u0119pu zespo\u0142u Rekordu w Main Round UEFA Futsal Champions League 2024. Proporczyki dedykowane na ka\u017cdy z trzech mecz\u00f3w,\u00a0 \u00a0kt\u00f3re dru\u017cyna rozegra\u0142a w Brukseli oraz \u0142\u0105czny z wszystkimi trzema rywalami.<\/p>\n","protected":false},"excerpt":{"rendered":"<p>Pami\u0105tkowe proporczyki<\/p>\n","protected":false},"featured_media":2839,"template":"","meta":{"_kadence_starter_templates_imported_post":false,"_kad_post_transparent":"default","_kad_post_title":"","_kad_post_layout":"default","_kad_post_sidebar_id":"","_kad_post_content_style":"default","_kad_post_vertical_padding":"default","_kad_post_feature":"","_kad_post_feature_position":"","_kad_post_header":false,"_kad_post_footer":false},"product_brand":[],"product_cat":[114],"product_tag":[],"class_list":{"0":"post-2838","1":"product","2":"type-product","3":"status-publish","4":"has-post-thumbnail","6":"product_cat-main-round","8":"first","9":"instock","10":"taxable","11":"shipping-taxable","12":"purchasable","13":"product-type-variable","14":"entry","15":"content-bg","16":"loop-entry"},"_links":{"self":[{"href":"https:\/\/bts.rekord.com.pl\/sklep\/wp-json\/wp\/v2\/product\/2838","targetHints":{"allow":["GET"]}}],"collection":[{"href":"https:\/\/bts.rekord.com.pl\/sklep\/wp-json\/wp\/v2\/product"}],"about":[{"href":"https:\/\/bts.rekord.com.pl\/sklep\/wp-json\/wp\/v2\/types\/product"}],"wp:featuredmedia":[{"embeddable":true,"href":"https:\/\/bts.rekord.com.pl\/sklep\/wp-json\/wp\/v2\/media\/2839"}],"wp:attachment":[{"href":"https:\/\/bts.rekord.com.pl\/sklep\/wp-json\/wp\/v2\/media?parent=2838"}],"wp:term":[{"taxonomy":"product_brand","embeddable":true,"href":"https:\/\/bts.rekord.com.pl\/sklep\/wp-json\/wp\/v2\/product_brand?post=2838"},{"taxonomy":"product_cat","embeddable":true,"href":"https:\/\/bts.rekord.com.pl\/sklep\/wp-json\/wp\/v2\/product_cat?post=2838"},{"taxonomy":"product_tag","embeddable":true,"href":"https:\/\/bts.rekord.com.pl\/sklep\/wp-json\/wp\/v2\/product_tag?post=2838"}],"curies":[{"name":"wp","href":"https:\/\/api.w.org\/{rel}","templated":true}]}}