{"id":2724,"date":"2024-06-28T15:25:50","date_gmt":"2024-06-28T13:25:50","guid":{"rendered":"https:\/\/bts.rekord.com.pl\/sklep\/?post_type=product&#038;p=2724"},"modified":"2024-06-28T16:16:51","modified_gmt":"2024-06-28T14:16:51","slug":"worek-plecak","status":"publish","type":"product","link":"https:\/\/bts.rekord.com.pl\/sklep\/produkt\/worek-plecak\/","title":{"rendered":"Worek &#8211; plecak"},"content":{"rendered":"<p>Ciekawa forma i zastosowane materia\u0142y sprawiaj\u0105, \u017ce worek przyda si\u0119 w r\u00f3\u017cnych dziedzinach \u017cycia. To alternatywa do ci\u0119\u017ckich i turystycznych plecak\u00f3w &#8211; jest lekki i wygodny. Dzi\u0119ki linkom \u0142atwo si\u0119 zamyka, a my mamy pewno\u015b\u0107, \u017ce nic z niego nie wypadnie.\u00a0 \u00a0<strong>Takie gad\u017cety jak plecaki typu worek ciesz\u0105 si\u0119 nies\u0142abn\u0105c\u0105 popularno\u015bci\u0105! <\/strong>Zar\u00f3wno m\u0142odzi jak i ci nieco starsi z ch\u0119ci\u0105 po niego si\u0119gaj\u0105 z uwagi na jego pojemno\u015b\u0107 jak i \u0142atwe przechowywanie. \u00a0Poliestrowe plecaki typu worek s\u0105 odporne na rozerwanie, zginanie, \u015bcieranie i uszkodzenia mechaniczne &#8211;\u00a0 ich materia\u0142 spowoduje, \u017ce nie namokn\u0105, poniewa\u017c bardzo s\u0142abo wch\u0142aniaj\u0105 wod\u0119.<\/p>\n","protected":false},"excerpt":{"rendered":"<p>Ciekawa forma i zastosowane materia\u0142y sprawiaj\u0105, \u017ce worek przyda si\u0119 w r\u00f3\u017cnych dziedzinach \u017cycia. To alternatywa do ci\u0119\u017ckich i turystycznych plecak\u00f3w &#8211; jest lekki i wygodny. Dzi\u0119ki linkom \u0142atwo si\u0119 zamyka, a my mamy pewno\u015b\u0107, \u017ce nic z niego nie wypadnie.\u00a0 \u00a0Takie gad\u017cety jak plecaki typu worek ciesz\u0105 si\u0119 nies\u0142abn\u0105c\u0105 popularno\u015bci\u0105! Zar\u00f3wno m\u0142odzi jak i&#8230;<\/p>\n","protected":false},"featured_media":2725,"template":"","meta":{"_kadence_starter_templates_imported_post":false,"_kad_post_transparent":"default","_kad_post_title":"","_kad_post_layout":"default","_kad_post_sidebar_id":"","_kad_post_content_style":"default","_kad_post_vertical_padding":"default","_kad_post_feature":"","_kad_post_feature_position":"","_kad_post_header":false,"_kad_post_footer":false},"product_brand":[],"product_cat":[108],"product_tag":[],"class_list":{"0":"post-2724","1":"product","2":"type-product","3":"status-publish","4":"has-post-thumbnail","6":"product_cat-108","8":"first","9":"instock","10":"taxable","11":"shipping-taxable","12":"purchasable","13":"product-type-simple","14":"entry","15":"content-bg","16":"loop-entry"},"_links":{"self":[{"href":"https:\/\/bts.rekord.com.pl\/sklep\/wp-json\/wp\/v2\/product\/2724","targetHints":{"allow":["GET"]}}],"collection":[{"href":"https:\/\/bts.rekord.com.pl\/sklep\/wp-json\/wp\/v2\/product"}],"about":[{"href":"https:\/\/bts.rekord.com.pl\/sklep\/wp-json\/wp\/v2\/types\/product"}],"wp:featuredmedia":[{"embeddable":true,"href":"https:\/\/bts.rekord.com.pl\/sklep\/wp-json\/wp\/v2\/media\/2725"}],"wp:attachment":[{"href":"https:\/\/bts.rekord.com.pl\/sklep\/wp-json\/wp\/v2\/media?parent=2724"}],"wp:term":[{"taxonomy":"product_brand","embeddable":true,"href":"https:\/\/bts.rekord.com.pl\/sklep\/wp-json\/wp\/v2\/product_brand?post=2724"},{"taxonomy":"product_cat","embeddable":true,"href":"https:\/\/bts.rekord.com.pl\/sklep\/wp-json\/wp\/v2\/product_cat?post=2724"},{"taxonomy":"product_tag","embeddable":true,"href":"https:\/\/bts.rekord.com.pl\/sklep\/wp-json\/wp\/v2\/product_tag?post=2724"}],"curies":[{"name":"wp","href":"https:\/\/api.w.org\/{rel}","templated":true}]}}