{"id":2501,"date":"2023-11-20T14:37:10","date_gmt":"2023-11-20T13:37:10","guid":{"rendered":"https:\/\/bts.rekord.com.pl\/sklep\/?post_type=product&#038;p=2501"},"modified":"2023-11-23T15:40:30","modified_gmt":"2023-11-23T14:40:30","slug":"zawieszka-zapachowa-do-samochodu","status":"publish","type":"product","link":"https:\/\/bts.rekord.com.pl\/sklep\/produkt\/zawieszka-zapachowa-do-samochodu\/","title":{"rendered":"Zawieszka zapachowa do samochodu"},"content":{"rendered":"<p>Zawieszka do samochodu, rodzaj zapachu Elegance&amp;Style &#8211; kompozycja \u015bwie\u017cej kolendry, lawendy, nut cytrusowych, pelargonii, bazylii, lilii oraz kwiatu pomara\u0144czy, kt\u00f3ra dodaje do kompozycji delikatnej s\u0142odyczy.<\/p>\n","protected":false},"excerpt":{"rendered":"<p>Zawieszka zapachowa koszulka<\/p>\n","protected":false},"featured_media":2502,"template":"","meta":{"_kadence_starter_templates_imported_post":false,"_kad_post_transparent":"default","_kad_post_title":"","_kad_post_layout":"default","_kad_post_sidebar_id":"","_kad_post_content_style":"default","_kad_post_vertical_padding":"default","_kad_post_feature":"","_kad_post_feature_position":"","_kad_post_header":false,"_kad_post_footer":false},"product_brand":[],"product_cat":[62],"product_tag":[],"class_list":{"0":"post-2501","1":"product","2":"type-product","3":"status-publish","4":"has-post-thumbnail","6":"product_cat-gad","8":"first","9":"instock","10":"taxable","11":"shipping-taxable","12":"purchasable","13":"product-type-simple","14":"entry","15":"content-bg","16":"loop-entry"},"_links":{"self":[{"href":"https:\/\/bts.rekord.com.pl\/sklep\/wp-json\/wp\/v2\/product\/2501","targetHints":{"allow":["GET"]}}],"collection":[{"href":"https:\/\/bts.rekord.com.pl\/sklep\/wp-json\/wp\/v2\/product"}],"about":[{"href":"https:\/\/bts.rekord.com.pl\/sklep\/wp-json\/wp\/v2\/types\/product"}],"wp:featuredmedia":[{"embeddable":true,"href":"https:\/\/bts.rekord.com.pl\/sklep\/wp-json\/wp\/v2\/media\/2502"}],"wp:attachment":[{"href":"https:\/\/bts.rekord.com.pl\/sklep\/wp-json\/wp\/v2\/media?parent=2501"}],"wp:term":[{"taxonomy":"product_brand","embeddable":true,"href":"https:\/\/bts.rekord.com.pl\/sklep\/wp-json\/wp\/v2\/product_brand?post=2501"},{"taxonomy":"product_cat","embeddable":true,"href":"https:\/\/bts.rekord.com.pl\/sklep\/wp-json\/wp\/v2\/product_cat?post=2501"},{"taxonomy":"product_tag","embeddable":true,"href":"https:\/\/bts.rekord.com.pl\/sklep\/wp-json\/wp\/v2\/product_tag?post=2501"}],"curies":[{"name":"wp","href":"https:\/\/api.w.org\/{rel}","templated":true}]}}