{"id":2498,"date":"2023-11-20T14:27:00","date_gmt":"2023-11-20T13:27:00","guid":{"rendered":"https:\/\/bts.rekord.com.pl\/sklep\/?post_type=product&#038;p=2498"},"modified":"2023-11-27T12:06:47","modified_gmt":"2023-11-27T11:06:47","slug":"2498","status":"publish","type":"product","link":"https:\/\/bts.rekord.com.pl\/sklep\/produkt\/2498\/","title":{"rendered":"Zawieszka zapachowa do samochodu"},"content":{"rendered":"<p>Zawieszka do samochodu, rodzaj zapachu &#8211; NEW CAR &#8211;\u00a0 kompozycja morsko-cytrusowo-zio\u0142owa z nutami ozonowymi.\u00a0 Dominuj\u0105 \u015bwie\u017ce, rze\u015bkie owoce, przeplatane akordami wytrawnych przypraw. Baz\u0119 tworz\u0105 pi\u017cmo, nuty ambrowe i z drzewa sanda\u0142owego.<\/p>\n","protected":false},"excerpt":{"rendered":"<p>Zawieszka do samochodu logo<\/p>\n","protected":false},"featured_media":2499,"template":"","meta":{"_kadence_starter_templates_imported_post":false,"_kad_post_transparent":"default","_kad_post_title":"","_kad_post_layout":"default","_kad_post_sidebar_id":"","_kad_post_content_style":"default","_kad_post_vertical_padding":"default","_kad_post_feature":"","_kad_post_feature_position":"","_kad_post_header":false,"_kad_post_footer":false},"product_brand":[],"product_cat":[62],"product_tag":[],"class_list":{"0":"post-2498","1":"product","2":"type-product","3":"status-publish","4":"has-post-thumbnail","6":"product_cat-gad","8":"first","9":"instock","10":"taxable","11":"shipping-taxable","12":"purchasable","13":"product-type-simple","14":"entry","15":"content-bg","16":"loop-entry"},"_links":{"self":[{"href":"https:\/\/bts.rekord.com.pl\/sklep\/wp-json\/wp\/v2\/product\/2498","targetHints":{"allow":["GET"]}}],"collection":[{"href":"https:\/\/bts.rekord.com.pl\/sklep\/wp-json\/wp\/v2\/product"}],"about":[{"href":"https:\/\/bts.rekord.com.pl\/sklep\/wp-json\/wp\/v2\/types\/product"}],"wp:featuredmedia":[{"embeddable":true,"href":"https:\/\/bts.rekord.com.pl\/sklep\/wp-json\/wp\/v2\/media\/2499"}],"wp:attachment":[{"href":"https:\/\/bts.rekord.com.pl\/sklep\/wp-json\/wp\/v2\/media?parent=2498"}],"wp:term":[{"taxonomy":"product_brand","embeddable":true,"href":"https:\/\/bts.rekord.com.pl\/sklep\/wp-json\/wp\/v2\/product_brand?post=2498"},{"taxonomy":"product_cat","embeddable":true,"href":"https:\/\/bts.rekord.com.pl\/sklep\/wp-json\/wp\/v2\/product_cat?post=2498"},{"taxonomy":"product_tag","embeddable":true,"href":"https:\/\/bts.rekord.com.pl\/sklep\/wp-json\/wp\/v2\/product_tag?post=2498"}],"curies":[{"name":"wp","href":"https:\/\/api.w.org\/{rel}","templated":true}]}}