{"id":2456,"date":"2023-11-20T11:57:37","date_gmt":"2023-11-20T10:57:37","guid":{"rendered":"https:\/\/bts.rekord.com.pl\/sklep\/?post_type=product&#038;p=2456"},"modified":"2025-12-17T11:24:12","modified_gmt":"2025-12-17T10:24:12","slug":"bombki-choinkowe","status":"publish","type":"product","link":"https:\/\/bts.rekord.com.pl\/sklep\/produkt\/bombki-choinkowe\/","title":{"rendered":"Bombki choinkowe"},"content":{"rendered":"<p>&#8222;Rekordowe&#8221;, szklane bombki choinkowe z herbem klubowym sprawi\u0105, \u017ce Wasza choinka zab\u0142y\u015bnie zwyci\u0119sko!\u00a0 Wz\u00f3r na ozdobach jest trwa\u0142y, b\u0119d\u0105 wi\u0119c kibicowa\u0107 Waszym \u015awi\u0119tom przez d\u0142ugi czas. Wybierz miks kolor\u00f3w lub zestaw jednokolorowy i udekoruj choink\u0119. Sprzedawane w zestawach po trzy sztuki.<\/p>\n","protected":false},"excerpt":{"rendered":"<p>Bombki choinkowe, zestaw<\/p>\n","protected":false},"featured_media":2481,"template":"","meta":{"_kadence_starter_templates_imported_post":false,"_kad_post_transparent":"default","_kad_post_title":"","_kad_post_layout":"default","_kad_post_sidebar_id":"","_kad_post_content_style":"default","_kad_post_vertical_padding":"default","_kad_post_feature":"","_kad_post_feature_position":"","_kad_post_header":false,"_kad_post_footer":false},"product_brand":[],"product_cat":[61],"product_tag":[],"class_list":{"0":"post-2456","1":"product","2":"type-product","3":"status-publish","4":"has-post-thumbnail","6":"product_cat-in","8":"first","9":"instock","10":"taxable","11":"shipping-taxable","12":"purchasable","13":"product-type-variable","14":"has-default-attributes","15":"entry","16":"content-bg","17":"loop-entry"},"_links":{"self":[{"href":"https:\/\/bts.rekord.com.pl\/sklep\/wp-json\/wp\/v2\/product\/2456","targetHints":{"allow":["GET"]}}],"collection":[{"href":"https:\/\/bts.rekord.com.pl\/sklep\/wp-json\/wp\/v2\/product"}],"about":[{"href":"https:\/\/bts.rekord.com.pl\/sklep\/wp-json\/wp\/v2\/types\/product"}],"wp:featuredmedia":[{"embeddable":true,"href":"https:\/\/bts.rekord.com.pl\/sklep\/wp-json\/wp\/v2\/media\/2481"}],"wp:attachment":[{"href":"https:\/\/bts.rekord.com.pl\/sklep\/wp-json\/wp\/v2\/media?parent=2456"}],"wp:term":[{"taxonomy":"product_brand","embeddable":true,"href":"https:\/\/bts.rekord.com.pl\/sklep\/wp-json\/wp\/v2\/product_brand?post=2456"},{"taxonomy":"product_cat","embeddable":true,"href":"https:\/\/bts.rekord.com.pl\/sklep\/wp-json\/wp\/v2\/product_cat?post=2456"},{"taxonomy":"product_tag","embeddable":true,"href":"https:\/\/bts.rekord.com.pl\/sklep\/wp-json\/wp\/v2\/product_tag?post=2456"}],"curies":[{"name":"wp","href":"https:\/\/api.w.org\/{rel}","templated":true}]}}