{"id":2259,"date":"2023-10-09T12:21:08","date_gmt":"2023-10-09T10:21:08","guid":{"rendered":"https:\/\/bts.rekord.com.pl\/sklep\/?post_type=product&#038;p=2259"},"modified":"2026-03-23T04:12:57","modified_gmt":"2026-03-23T03:12:57","slug":"koszulka-bawelniana-t-shirt-2","status":"publish","type":"product","link":"https:\/\/bts.rekord.com.pl\/sklep\/produkt\/koszulka-bawelniana-t-shirt-2\/","title":{"rendered":"Koszulka bawe\u0142niana T-Shirt"},"content":{"rendered":"<p><strong>Koszulka <\/strong>wykonana w 100%* z bawe\u0142ny o gramaturze w kolorze czarnym 170g. Bardzo wygodne i mi\u0142e dla cia\u0142a.\u00a0 Produkt o lu\u017anym, wygodnym kroju. Idealna do codziennych stylizacji, dost\u0119pna w kilku\u00a0 rozmiarach i kolorach. Logotyp Rekord Bielsko-Bia\u0142a oraz, w wariancie z personalizacj\u0105, charakterystyczne klubowe &#8222;R&#8221;.\u00a0 \u00a0Tkanina o wi\u0119kszej g\u0119sto\u015bci \u015bciegu, co daje wi\u0119ksz\u0105 wytrzyma\u0142o\u015b\u0107. Produkt mo\u017cna pra\u0107 w temperaturze do 40 stopni Celsjusza, prasowa\u0107, suszy\u0107 w niskiej temperaturze.<\/p>\n","protected":false},"excerpt":{"rendered":"<p>Koszulka bawe\u0142niana T-Shirt cz<\/p>\n","protected":false},"featured_media":2223,"template":"","meta":{"_kadence_starter_templates_imported_post":false,"_kad_post_transparent":"default","_kad_post_title":"","_kad_post_layout":"default","_kad_post_sidebar_id":"","_kad_post_content_style":"default","_kad_post_vertical_padding":"default","_kad_post_feature":"","_kad_post_feature_position":"","_kad_post_header":false,"_kad_post_footer":false},"product_brand":[],"product_cat":[65],"product_tag":[],"class_list":{"0":"post-2259","1":"product","2":"type-product","3":"status-publish","4":"has-post-thumbnail","6":"product_cat-kos","8":"first","9":"onbackorder","10":"featured","11":"taxable","12":"shipping-taxable","13":"purchasable","14":"product-type-variable","15":"has-default-attributes","16":"entry","17":"content-bg","18":"loop-entry"},"_links":{"self":[{"href":"https:\/\/bts.rekord.com.pl\/sklep\/wp-json\/wp\/v2\/product\/2259","targetHints":{"allow":["GET"]}}],"collection":[{"href":"https:\/\/bts.rekord.com.pl\/sklep\/wp-json\/wp\/v2\/product"}],"about":[{"href":"https:\/\/bts.rekord.com.pl\/sklep\/wp-json\/wp\/v2\/types\/product"}],"wp:featuredmedia":[{"embeddable":true,"href":"https:\/\/bts.rekord.com.pl\/sklep\/wp-json\/wp\/v2\/media\/2223"}],"wp:attachment":[{"href":"https:\/\/bts.rekord.com.pl\/sklep\/wp-json\/wp\/v2\/media?parent=2259"}],"wp:term":[{"taxonomy":"product_brand","embeddable":true,"href":"https:\/\/bts.rekord.com.pl\/sklep\/wp-json\/wp\/v2\/product_brand?post=2259"},{"taxonomy":"product_cat","embeddable":true,"href":"https:\/\/bts.rekord.com.pl\/sklep\/wp-json\/wp\/v2\/product_cat?post=2259"},{"taxonomy":"product_tag","embeddable":true,"href":"https:\/\/bts.rekord.com.pl\/sklep\/wp-json\/wp\/v2\/product_tag?post=2259"}],"curies":[{"name":"wp","href":"https:\/\/api.w.org\/{rel}","templated":true}]}}