{"id":2230,"date":"2023-10-04T15:54:44","date_gmt":"2023-10-04T13:54:44","guid":{"rendered":"https:\/\/bts.rekord.com.pl\/sklep\/?post_type=product&#038;p=2230"},"modified":"2025-06-21T15:09:46","modified_gmt":"2025-06-21T13:09:46","slug":"koszulka-bawelniana-t-shirt","status":"publish","type":"product","link":"https:\/\/bts.rekord.com.pl\/sklep\/produkt\/koszulka-bawelniana-t-shirt\/","title":{"rendered":"Koszulka bawe\u0142niana T-Shirt"},"content":{"rendered":"<p><strong>Koszulka m\u0119ska.<\/strong> Wykonana w 100%* z bawe\u0142ny o gramaturze w kolorze bia\u0142ym 170g. Bardzo wygodne i mi\u0142e dla cia\u0142a.\u00a0 Produkt o lu\u017anym, wygodnym kroju. Idealna do codziennych stylizacji, dost\u0119pna w kilku\u00a0 rozmiarach i kolorach. Logotyp Rekord Bielsko-Bia\u0142a.\u00a0 Tkanina o wi\u0119kszej g\u0119sto\u015bci \u015bciegu, co daje wi\u0119ksz\u0105 wytrzyma\u0142o\u015b\u0107. Produkt mo\u017cna pra\u0107 w temperaturze do 40 stopni Celsjusza, prasowa\u0107, suszy\u0107 w niskiej temperaturze. Koszulka z mo\u017cliwo\u015bci\u0105 personalizowania, dowolny nadruk.\u00a0 Swoj\u0105 personalizacj\u0119 prosimy opisa\u0107 w &#8222;uwagach do zam\u00f3wienia&#8221; (w panelu p\u0142atno\u015bci) lub zapraszamy do kontaktu z nami.<\/p>\n","protected":false},"excerpt":{"rendered":"<p>Koszulka m\u0119ska<\/p>\n","protected":false},"featured_media":2224,"template":"","meta":{"_kadence_starter_templates_imported_post":false,"_kad_post_transparent":"default","_kad_post_title":"","_kad_post_layout":"default","_kad_post_sidebar_id":"","_kad_post_content_style":"default","_kad_post_vertical_padding":"default","_kad_post_feature":"","_kad_post_feature_position":"","_kad_post_header":false,"_kad_post_footer":false},"product_brand":[],"product_cat":[65],"product_tag":[],"class_list":{"0":"post-2230","1":"product","2":"type-product","3":"status-publish","4":"has-post-thumbnail","6":"product_cat-kos","8":"first","9":"onbackorder","10":"taxable","11":"shipping-taxable","12":"purchasable","13":"product-type-variable","14":"entry","15":"content-bg","16":"loop-entry"},"_links":{"self":[{"href":"https:\/\/bts.rekord.com.pl\/sklep\/wp-json\/wp\/v2\/product\/2230","targetHints":{"allow":["GET"]}}],"collection":[{"href":"https:\/\/bts.rekord.com.pl\/sklep\/wp-json\/wp\/v2\/product"}],"about":[{"href":"https:\/\/bts.rekord.com.pl\/sklep\/wp-json\/wp\/v2\/types\/product"}],"wp:featuredmedia":[{"embeddable":true,"href":"https:\/\/bts.rekord.com.pl\/sklep\/wp-json\/wp\/v2\/media\/2224"}],"wp:attachment":[{"href":"https:\/\/bts.rekord.com.pl\/sklep\/wp-json\/wp\/v2\/media?parent=2230"}],"wp:term":[{"taxonomy":"product_brand","embeddable":true,"href":"https:\/\/bts.rekord.com.pl\/sklep\/wp-json\/wp\/v2\/product_brand?post=2230"},{"taxonomy":"product_cat","embeddable":true,"href":"https:\/\/bts.rekord.com.pl\/sklep\/wp-json\/wp\/v2\/product_cat?post=2230"},{"taxonomy":"product_tag","embeddable":true,"href":"https:\/\/bts.rekord.com.pl\/sklep\/wp-json\/wp\/v2\/product_tag?post=2230"}],"curies":[{"name":"wp","href":"https:\/\/api.w.org\/{rel}","templated":true}]}}