{"id":2159,"date":"2023-10-02T11:42:31","date_gmt":"2023-10-02T09:42:31","guid":{"rendered":"https:\/\/bts.rekord.com.pl\/sklep\/?post_type=product&#038;p=2159"},"modified":"2025-12-17T14:59:04","modified_gmt":"2025-12-17T13:59:04","slug":"koszulka-meczowa-2","status":"publish","type":"product","link":"https:\/\/bts.rekord.com.pl\/sklep\/produkt\/koszulka-meczowa-2\/","title":{"rendered":"Koszulka meczowa Futsal Ekstraklasa"},"content":{"rendered":"<p>Koszulka meczowa Fogo Futsal Ekstraklasy, w kt\u00f3rej w rozgrywkach wyst\u0119puj\u0105 zawodnicy Rekordu. Mo\u017cliwo\u015b\u0107 nadruku imienia, nazwiska lub pseudonimu na koszulce. Swoj\u0105 personalizacj\u0119 prosimy opisa\u0107 w &#8222;uwagach do zam\u00f3wienia&#8221; (w panelu p\u0142atno\u015bci) lub zapraszamy do kontaktu z nami.<\/p>\n","protected":false},"excerpt":{"rendered":"<p>Koszulka meczowa Fogo Futsal Ekstraklasy. Kolor bia\u0142y<\/p>\n","protected":false},"featured_media":3007,"template":"","meta":{"_kadence_starter_templates_imported_post":false,"_kad_post_transparent":"default","_kad_post_title":"","_kad_post_layout":"default","_kad_post_sidebar_id":"","_kad_post_content_style":"default","_kad_post_vertical_padding":"default","_kad_post_feature":"","_kad_post_feature_position":"","_kad_post_header":false,"_kad_post_footer":false},"product_brand":[],"product_cat":[65],"product_tag":[],"class_list":{"0":"post-2159","1":"product","2":"type-product","3":"status-publish","4":"has-post-thumbnail","6":"product_cat-kos","8":"first","9":"onbackorder","10":"taxable","11":"shipping-taxable","12":"purchasable","13":"product-type-variable","14":"entry","15":"content-bg","16":"loop-entry"},"_links":{"self":[{"href":"https:\/\/bts.rekord.com.pl\/sklep\/wp-json\/wp\/v2\/product\/2159","targetHints":{"allow":["GET"]}}],"collection":[{"href":"https:\/\/bts.rekord.com.pl\/sklep\/wp-json\/wp\/v2\/product"}],"about":[{"href":"https:\/\/bts.rekord.com.pl\/sklep\/wp-json\/wp\/v2\/types\/product"}],"wp:featuredmedia":[{"embeddable":true,"href":"https:\/\/bts.rekord.com.pl\/sklep\/wp-json\/wp\/v2\/media\/3007"}],"wp:attachment":[{"href":"https:\/\/bts.rekord.com.pl\/sklep\/wp-json\/wp\/v2\/media?parent=2159"}],"wp:term":[{"taxonomy":"product_brand","embeddable":true,"href":"https:\/\/bts.rekord.com.pl\/sklep\/wp-json\/wp\/v2\/product_brand?post=2159"},{"taxonomy":"product_cat","embeddable":true,"href":"https:\/\/bts.rekord.com.pl\/sklep\/wp-json\/wp\/v2\/product_cat?post=2159"},{"taxonomy":"product_tag","embeddable":true,"href":"https:\/\/bts.rekord.com.pl\/sklep\/wp-json\/wp\/v2\/product_tag?post=2159"}],"curies":[{"name":"wp","href":"https:\/\/api.w.org\/{rel}","templated":true}]}}