{"id":2035,"date":"2023-08-04T12:44:47","date_gmt":"2023-08-04T10:44:47","guid":{"rendered":"https:\/\/bts.rekord.com.pl\/sklep\/?post_type=product&#038;p=2035"},"modified":"2024-10-15T18:22:32","modified_gmt":"2024-10-15T16:22:32","slug":"smycz-na-klucze","status":"publish","type":"product","link":"https:\/\/bts.rekord.com.pl\/sklep\/produkt\/smycz-na-klucze\/","title":{"rendered":"Smycz na klucze"},"content":{"rendered":"<p>Smycz\u00a0 z zapi\u0119ciem w barwach klubowych oraz logotypem. Doskonale sprawdz\u0105 si\u0119 z kluczami i kartami magnetycznymi. Pozwalaj\u0105 przypi\u0105\u0107\u00a0 pendrive\u2019a z wa\u017cnymi plikami. Zawsze znajd\u0105 dla siebie miejsce w Twojej codzienno\u015bci, a Ty znajdziesz sw\u00f3j spos\u00f3b na to, aby cieszy\u0107 si\u0119 ich przydatno\u015bci\u0105 i obecno\u015bci\u0105.<\/p>\n","protected":false},"excerpt":{"rendered":"<p>Smycz na klucze<\/p>\n","protected":false},"featured_media":2824,"template":"","meta":{"_kadence_starter_templates_imported_post":false,"_kad_post_transparent":"default","_kad_post_title":"","_kad_post_layout":"default","_kad_post_sidebar_id":"","_kad_post_content_style":"default","_kad_post_vertical_padding":"default","_kad_post_feature":"","_kad_post_feature_position":"","_kad_post_header":false,"_kad_post_footer":false},"product_brand":[],"product_cat":[62],"product_tag":[],"class_list":{"0":"post-2035","1":"product","2":"type-product","3":"status-publish","4":"has-post-thumbnail","6":"product_cat-gad","8":"first","9":"instock","10":"taxable","11":"shipping-taxable","12":"purchasable","13":"product-type-simple","14":"entry","15":"content-bg","16":"loop-entry"},"_links":{"self":[{"href":"https:\/\/bts.rekord.com.pl\/sklep\/wp-json\/wp\/v2\/product\/2035","targetHints":{"allow":["GET"]}}],"collection":[{"href":"https:\/\/bts.rekord.com.pl\/sklep\/wp-json\/wp\/v2\/product"}],"about":[{"href":"https:\/\/bts.rekord.com.pl\/sklep\/wp-json\/wp\/v2\/types\/product"}],"wp:featuredmedia":[{"embeddable":true,"href":"https:\/\/bts.rekord.com.pl\/sklep\/wp-json\/wp\/v2\/media\/2824"}],"wp:attachment":[{"href":"https:\/\/bts.rekord.com.pl\/sklep\/wp-json\/wp\/v2\/media?parent=2035"}],"wp:term":[{"taxonomy":"product_brand","embeddable":true,"href":"https:\/\/bts.rekord.com.pl\/sklep\/wp-json\/wp\/v2\/product_brand?post=2035"},{"taxonomy":"product_cat","embeddable":true,"href":"https:\/\/bts.rekord.com.pl\/sklep\/wp-json\/wp\/v2\/product_cat?post=2035"},{"taxonomy":"product_tag","embeddable":true,"href":"https:\/\/bts.rekord.com.pl\/sklep\/wp-json\/wp\/v2\/product_tag?post=2035"}],"curies":[{"name":"wp","href":"https:\/\/api.w.org\/{rel}","templated":true}]}}