{"id":1909,"date":"2023-08-02T17:02:00","date_gmt":"2023-08-02T15:02:00","guid":{"rendered":"https:\/\/bts.rekord.com.pl\/sklep\/?post_type=product&#038;p=1909"},"modified":"2023-11-21T17:17:56","modified_gmt":"2023-11-21T16:17:56","slug":"ksiazka-3","status":"publish","type":"product","link":"https:\/\/bts.rekord.com.pl\/sklep\/produkt\/ksiazka-3\/","title":{"rendered":"&#8222;Spod kopca do Ligi Mistrz\u00f3w&#8221;"},"content":{"rendered":"<p>Jan Picheta z wrodzon\u0105 staranno\u015bci\u0105 przedstawia histori\u0119 Beskidzkiego Towarzystwa Sportowego Rekord. Tytu\u0142owy kopiec to Kopiec Lipnicki, miejsce w Lipniku, dzielnicy Bielska-Bia\u0142ej, gdzie Rekord Bielsko-Bia\u0142a mia\u0142 sw\u00f3j pocz\u0105tek.<\/p>\n","protected":false},"excerpt":{"rendered":"<p>Ksi\u0105\u017cka<\/p>\n","protected":false},"featured_media":1910,"template":"","meta":{"_kadence_starter_templates_imported_post":false,"_kad_post_transparent":"default","_kad_post_title":"","_kad_post_layout":"default","_kad_post_sidebar_id":"","_kad_post_content_style":"default","_kad_post_vertical_padding":"default","_kad_post_feature":"","_kad_post_feature_position":"","_kad_post_header":false,"_kad_post_footer":false},"product_brand":[],"product_cat":[63],"product_tag":[],"class_list":{"0":"post-1909","1":"product","2":"type-product","3":"status-publish","4":"has-post-thumbnail","6":"product_cat-ks","8":"first","9":"instock","10":"taxable","11":"shipping-taxable","12":"purchasable","13":"product-type-simple","14":"entry","15":"content-bg","16":"loop-entry"},"_links":{"self":[{"href":"https:\/\/bts.rekord.com.pl\/sklep\/wp-json\/wp\/v2\/product\/1909","targetHints":{"allow":["GET"]}}],"collection":[{"href":"https:\/\/bts.rekord.com.pl\/sklep\/wp-json\/wp\/v2\/product"}],"about":[{"href":"https:\/\/bts.rekord.com.pl\/sklep\/wp-json\/wp\/v2\/types\/product"}],"wp:featuredmedia":[{"embeddable":true,"href":"https:\/\/bts.rekord.com.pl\/sklep\/wp-json\/wp\/v2\/media\/1910"}],"wp:attachment":[{"href":"https:\/\/bts.rekord.com.pl\/sklep\/wp-json\/wp\/v2\/media?parent=1909"}],"wp:term":[{"taxonomy":"product_brand","embeddable":true,"href":"https:\/\/bts.rekord.com.pl\/sklep\/wp-json\/wp\/v2\/product_brand?post=1909"},{"taxonomy":"product_cat","embeddable":true,"href":"https:\/\/bts.rekord.com.pl\/sklep\/wp-json\/wp\/v2\/product_cat?post=1909"},{"taxonomy":"product_tag","embeddable":true,"href":"https:\/\/bts.rekord.com.pl\/sklep\/wp-json\/wp\/v2\/product_tag?post=1909"}],"curies":[{"name":"wp","href":"https:\/\/api.w.org\/{rel}","templated":true}]}}