{"id":1905,"date":"2023-08-02T16:57:03","date_gmt":"2023-08-02T14:57:03","guid":{"rendered":"https:\/\/bts.rekord.com.pl\/sklep\/?post_type=product&#038;p=1905"},"modified":"2023-11-21T17:17:10","modified_gmt":"2023-11-21T16:17:10","slug":"ksiazka","status":"publish","type":"product","link":"https:\/\/bts.rekord.com.pl\/sklep\/produkt\/ksiazka\/","title":{"rendered":"&#8222;Futsal, wielka gra ma\u0142\u0105 pi\u0142k\u0105&#8221;"},"content":{"rendered":"<p>Ksi\u0105\u017cka &#8222;Futsal, wielka gra ma\u0142\u0105 pi\u0142k\u0105&#8221;, opowiada histori\u0119 powstania pi\u0142ki halowej czyli futsalu w Polsce. Wypowiedzi wielu zawodnik\u00f3w, trener\u00f3w i dzia\u0142aczy, spora doza humoru i wyniki rozgrywek niemal od pocz\u0105tku powstania Polskiej Ligi Halowej.<\/p>\n","protected":false},"excerpt":{"rendered":"<p>Ksi\u0105\u017cka<\/p>\n","protected":false},"featured_media":1906,"template":"","meta":{"_kadence_starter_templates_imported_post":false,"_kad_post_transparent":"default","_kad_post_title":"","_kad_post_layout":"default","_kad_post_sidebar_id":"","_kad_post_content_style":"default","_kad_post_vertical_padding":"default","_kad_post_feature":"","_kad_post_feature_position":"","_kad_post_header":false,"_kad_post_footer":false},"product_brand":[],"product_cat":[63],"product_tag":[],"class_list":{"0":"post-1905","1":"product","2":"type-product","3":"status-publish","4":"has-post-thumbnail","6":"product_cat-ks","8":"first","9":"instock","10":"taxable","11":"shipping-taxable","12":"purchasable","13":"product-type-simple","14":"entry","15":"content-bg","16":"loop-entry"},"_links":{"self":[{"href":"https:\/\/bts.rekord.com.pl\/sklep\/wp-json\/wp\/v2\/product\/1905","targetHints":{"allow":["GET"]}}],"collection":[{"href":"https:\/\/bts.rekord.com.pl\/sklep\/wp-json\/wp\/v2\/product"}],"about":[{"href":"https:\/\/bts.rekord.com.pl\/sklep\/wp-json\/wp\/v2\/types\/product"}],"wp:featuredmedia":[{"embeddable":true,"href":"https:\/\/bts.rekord.com.pl\/sklep\/wp-json\/wp\/v2\/media\/1906"}],"wp:attachment":[{"href":"https:\/\/bts.rekord.com.pl\/sklep\/wp-json\/wp\/v2\/media?parent=1905"}],"wp:term":[{"taxonomy":"product_brand","embeddable":true,"href":"https:\/\/bts.rekord.com.pl\/sklep\/wp-json\/wp\/v2\/product_brand?post=1905"},{"taxonomy":"product_cat","embeddable":true,"href":"https:\/\/bts.rekord.com.pl\/sklep\/wp-json\/wp\/v2\/product_cat?post=1905"},{"taxonomy":"product_tag","embeddable":true,"href":"https:\/\/bts.rekord.com.pl\/sklep\/wp-json\/wp\/v2\/product_tag?post=1905"}],"curies":[{"name":"wp","href":"https:\/\/api.w.org\/{rel}","templated":true}]}}