{"id":1387,"date":"2023-02-24T18:11:21","date_gmt":"2023-02-24T17:11:21","guid":{"rendered":"https:\/\/bts.rekord.com.pl\/sklep\/?page_id=1387"},"modified":"2023-11-21T15:11:42","modified_gmt":"2023-11-21T14:11:42","slug":"nadruki","status":"publish","type":"page","link":"https:\/\/bts.rekord.com.pl\/sklep\/nadruki\/","title":{"rendered":"NADRUKI"},"content":{"rendered":"\t\t<div data-elementor-type=\"wp-page\" data-elementor-id=\"1387\" class=\"elementor elementor-1387\" data-elementor-post-type=\"page\">\n\t\t\t\t\t\t<section class=\"elementor-section elementor-top-section elementor-element elementor-element-1817bb1 elementor-section-full_width elementor-section-height-min-height elementor-section-height-default elementor-section-items-middle\" data-id=\"1817bb1\" data-element_type=\"section\" data-e-type=\"section\" data-settings=\"{&quot;background_background&quot;:&quot;classic&quot;}\">\n\t\t\t\t\t\t<div class=\"elementor-container elementor-column-gap-default\">\n\t\t\t\t\t<div class=\"elementor-column elementor-col-100 elementor-top-column elementor-element elementor-element-4f13e23\" data-id=\"4f13e23\" data-element_type=\"column\" data-e-type=\"column\">\n\t\t\t<div class=\"elementor-widget-wrap elementor-element-populated\">\n\t\t\t\t\t\t<div class=\"elementor-element elementor-element-c08219c elementor-widget elementor-widget-heading\" data-id=\"c08219c\" data-element_type=\"widget\" data-e-type=\"widget\" data-widget_type=\"heading.default\">\n\t\t\t\t<div class=\"elementor-widget-container\">\n\t\t\t\t\t<h2 class=\"elementor-heading-title elementor-size-default\">NADRUK JAKI SOBIE WYMY\u015aLISZ! <\/h2>\t\t\t\t<\/div>\n\t\t\t\t<\/div>\n\t\t\t\t\t<\/div>\n\t\t<\/div>\n\t\t\t\t\t<\/div>\n\t\t<\/section>\n\t\t\t\t<section class=\"elementor-section elementor-top-section elementor-element elementor-element-1439093 elementor-section-boxed elementor-section-height-default elementor-section-height-default\" data-id=\"1439093\" data-element_type=\"section\" data-e-type=\"section\">\n\t\t\t\t\t\t<div class=\"elementor-container elementor-column-gap-default\">\n\t\t\t\t\t<div class=\"elementor-column elementor-col-100 elementor-top-column elementor-element elementor-element-df1b5a1\" data-id=\"df1b5a1\" data-element_type=\"column\" data-e-type=\"column\">\n\t\t\t<div class=\"elementor-widget-wrap elementor-element-populated\">\n\t\t\t\t\t\t<div class=\"elementor-element elementor-element-c5bbd95 elementor-widget elementor-widget-text-editor\" data-id=\"c5bbd95\" data-element_type=\"widget\" data-e-type=\"widget\" data-widget_type=\"text-editor.default\">\n\t\t\t\t<div class=\"elementor-widget-container\">\n\t\t\t\t\t\t\t\t\t<p>Wysoka jako\u015b\u0107 to nasz priorytet. Wszystkie nasze koszulki wykonane s\u0105 z najlepszych materia\u0142\u00f3w, a nasze nadruki s\u0105 trwa\u0142e i wyra\u017ane. Nasze koszulki z w\u0142asnym nadrukiem to nie tylko dobra jako\u015b\u0107 materia\u0142\u00f3w, ale tak\u017ce precyzja i dba\u0142o\u015b\u0107 o szczeg\u00f3\u0142y. Proces druku gwarantuje, \u017ce kolory s\u0105 \u017cywe i nie blakn\u0105 nawet po wielu praniach.<\/p><p>R<span style=\"background-color: transparent; color: var(--global-palette5); font-family: var(--global-body-font-family);\">\u00f3wnie wa\u017cne dla nas jest to, aby nasze produkty by\u0142y komfortowe i funkcjonalne. Dzi\u0119ki wysokiej jako\u015bci naszych produkt\u00f3w, koszulki z w\u0142asnym nadrukiem doskonale sprawdz\u0105 si\u0119 zar\u00f3wno na co dzie\u0144, jak i podczas specjalnych okazji. Przyk\u0142adamy du\u017c\u0105 wag\u0119 do spe\u0142niania oczekiwa\u0144 naszych klient\u00f3w i stale d\u0105\u017cymy do doskona\u0142o\u015bci. W rezultacie ka\u017cda koszulka z naszej oferty to synonim\u00a0 najwy\u017cszej jako\u015bci.<\/span><\/p><p>Wszystkie dost\u0119pne warianty koszulek dost\u0119pne w zak\u0142adce &#8222;sklep&#8221;. Masz w\u0142asn\u0105 koncepcj\u0119 na koszulk\u0119? Skontaktuj si\u0119 z nami!<\/p>\t\t\t\t\t\t\t\t<\/div>\n\t\t\t\t<\/div>\n\t\t\t\t\t<\/div>\n\t\t<\/div>\n\t\t\t\t\t<\/div>\n\t\t<\/section>\n\t\t\t\t<section class=\"elementor-section elementor-top-section elementor-element elementor-element-998bd02 elementor-section-boxed elementor-section-height-default elementor-section-height-default\" data-id=\"998bd02\" data-element_type=\"section\" data-e-type=\"section\">\n\t\t\t\t\t\t<div class=\"elementor-container elementor-column-gap-default\">\n\t\t\t\t\t<div class=\"elementor-column elementor-col-50 elementor-top-column elementor-element elementor-element-800e624\" data-id=\"800e624\" data-element_type=\"column\" data-e-type=\"column\">\n\t\t\t<div class=\"elementor-widget-wrap elementor-element-populated\">\n\t\t\t\t\t\t<div class=\"elementor-element elementor-element-7ea8087 elementor-widget elementor-widget-image\" data-id=\"7ea8087\" data-element_type=\"widget\" data-e-type=\"widget\" data-widget_type=\"image.default\">\n\t\t\t\t<div class=\"elementor-widget-container\">\n\t\t\t\t\t\t\t\t\t\t\t\t\t\t\t<img fetchpriority=\"high\" decoding=\"async\" width=\"600\" height=\"800\" src=\"https:\/\/bts.rekord.com.pl\/sklep\/wp-content\/uploads\/2023\/10\/nie-umiem1-kopia.png\" class=\"attachment-large size-large wp-image-2224\" alt=\"\" srcset=\"https:\/\/bts.rekord.com.pl\/sklep\/wp-content\/uploads\/2023\/10\/nie-umiem1-kopia.png 600w, https:\/\/bts.rekord.com.pl\/sklep\/wp-content\/uploads\/2023\/10\/nie-umiem1-kopia-225x300.png 225w\" sizes=\"(max-width: 600px) 100vw, 600px\" \/>\t\t\t\t\t\t\t\t\t\t\t\t\t\t\t<\/div>\n\t\t\t\t<\/div>\n\t\t\t\t\t<\/div>\n\t\t<\/div>\n\t\t\t\t<div class=\"elementor-column elementor-col-50 elementor-top-column elementor-element elementor-element-8fd1ec5\" data-id=\"8fd1ec5\" data-element_type=\"column\" data-e-type=\"column\">\n\t\t\t<div class=\"elementor-widget-wrap elementor-element-populated\">\n\t\t\t\t\t\t<div class=\"elementor-element elementor-element-7ceb661 elementor-widget elementor-widget-image\" data-id=\"7ceb661\" data-element_type=\"widget\" data-e-type=\"widget\" data-widget_type=\"image.default\">\n\t\t\t\t<div class=\"elementor-widget-container\">\n\t\t\t\t\t\t\t\t\t\t\t\t\t\t\t<img decoding=\"async\" width=\"600\" height=\"800\" src=\"https:\/\/bts.rekord.com.pl\/sklep\/wp-content\/uploads\/2023\/10\/R_.png\" class=\"attachment-large size-large wp-image-2223\" alt=\"\" srcset=\"https:\/\/bts.rekord.com.pl\/sklep\/wp-content\/uploads\/2023\/10\/R_.png 600w, https:\/\/bts.rekord.com.pl\/sklep\/wp-content\/uploads\/2023\/10\/R_-225x300.png 225w\" sizes=\"(max-width: 600px) 100vw, 600px\" \/>\t\t\t\t\t\t\t\t\t\t\t\t\t\t\t<\/div>\n\t\t\t\t<\/div>\n\t\t\t\t\t<\/div>\n\t\t<\/div>\n\t\t\t\t\t<\/div>\n\t\t<\/section>\n\t\t\t\t<section class=\"elementor-section elementor-top-section elementor-element elementor-element-e580f32 elementor-section-boxed elementor-section-height-default elementor-section-height-default\" data-id=\"e580f32\" data-element_type=\"section\" data-e-type=\"section\">\n\t\t\t\t\t\t<div class=\"elementor-container elementor-column-gap-default\">\n\t\t\t\t\t<div class=\"elementor-column elementor-col-50 elementor-top-column elementor-element elementor-element-5ea7d47\" data-id=\"5ea7d47\" data-element_type=\"column\" data-e-type=\"column\">\n\t\t\t<div class=\"elementor-widget-wrap elementor-element-populated\">\n\t\t\t\t\t\t<div class=\"elementor-element elementor-element-126f794 elementor-widget elementor-widget-image\" data-id=\"126f794\" data-element_type=\"widget\" data-e-type=\"widget\" data-widget_type=\"image.default\">\n\t\t\t\t<div class=\"elementor-widget-container\">\n\t\t\t\t\t\t\t\t\t\t\t\t\t\t\t<img decoding=\"async\" width=\"600\" height=\"800\" src=\"https:\/\/bts.rekord.com.pl\/sklep\/wp-content\/uploads\/2023\/10\/fogo_budniak1.png\" class=\"attachment-large size-large wp-image-2225\" alt=\"\" srcset=\"https:\/\/bts.rekord.com.pl\/sklep\/wp-content\/uploads\/2023\/10\/fogo_budniak1.png 600w, https:\/\/bts.rekord.com.pl\/sklep\/wp-content\/uploads\/2023\/10\/fogo_budniak1-225x300.png 225w\" sizes=\"(max-width: 600px) 100vw, 600px\" \/>\t\t\t\t\t\t\t\t\t\t\t\t\t\t\t<\/div>\n\t\t\t\t<\/div>\n\t\t\t\t\t<\/div>\n\t\t<\/div>\n\t\t\t\t<div class=\"elementor-column elementor-col-50 elementor-top-column elementor-element elementor-element-d76b2b6\" data-id=\"d76b2b6\" data-element_type=\"column\" data-e-type=\"column\">\n\t\t\t<div class=\"elementor-widget-wrap elementor-element-populated\">\n\t\t\t\t\t\t<div class=\"elementor-element elementor-element-a573933 elementor-widget elementor-widget-image\" data-id=\"a573933\" data-element_type=\"widget\" data-e-type=\"widget\" data-widget_type=\"image.default\">\n\t\t\t\t<div class=\"elementor-widget-container\">\n\t\t\t\t\t\t\t\t\t\t\t\t\t\t\t<img loading=\"lazy\" decoding=\"async\" width=\"600\" height=\"800\" src=\"https:\/\/bts.rekord.com.pl\/sklep\/wp-content\/uploads\/2023\/10\/Ekstraliga-futsal-Pietrzyk-black_2.png\" class=\"attachment-large size-large wp-image-2380\" alt=\"\" srcset=\"https:\/\/bts.rekord.com.pl\/sklep\/wp-content\/uploads\/2023\/10\/Ekstraliga-futsal-Pietrzyk-black_2.png 600w, https:\/\/bts.rekord.com.pl\/sklep\/wp-content\/uploads\/2023\/10\/Ekstraliga-futsal-Pietrzyk-black_2-225x300.png 225w\" sizes=\"(max-width: 600px) 100vw, 600px\" \/>\t\t\t\t\t\t\t\t\t\t\t\t\t\t\t<\/div>\n\t\t\t\t<\/div>\n\t\t\t\t\t<\/div>\n\t\t<\/div>\n\t\t\t\t\t<\/div>\n\t\t<\/section>\n\t\t\t\t<\/div>\n\t\t","protected":false},"excerpt":{"rendered":"<p>NADRUK JAKI SOBIE WYMY\u015aLISZ! Wysoka jako\u015b\u0107 to nasz priorytet. Wszystkie nasze koszulki wykonane s\u0105 z najlepszych materia\u0142\u00f3w, a nasze nadruki s\u0105 trwa\u0142e i wyra\u017ane. Nasze koszulki z w\u0142asnym nadrukiem to nie tylko dobra jako\u015b\u0107 materia\u0142\u00f3w, ale tak\u017ce precyzja i dba\u0142o\u015b\u0107 o szczeg\u00f3\u0142y. Proces druku gwarantuje, \u017ce kolory s\u0105 \u017cywe i nie blakn\u0105 nawet po wielu&#8230;<\/p>\n","protected":false},"author":2,"featured_media":0,"parent":0,"menu_order":0,"comment_status":"closed","ping_status":"closed","template":"","meta":{"_kadence_starter_templates_imported_post":false,"_kad_post_transparent":"default","_kad_post_title":"hide","_kad_post_layout":"fullwidth","_kad_post_sidebar_id":"","_kad_post_content_style":"unboxed","_kad_post_vertical_padding":"hide","_kad_post_feature":"hide","_kad_post_feature_position":"","_kad_post_header":false,"_kad_post_footer":false,"footnotes":""},"class_list":["post-1387","page","type-page","status-publish","hentry"],"_links":{"self":[{"href":"https:\/\/bts.rekord.com.pl\/sklep\/wp-json\/wp\/v2\/pages\/1387","targetHints":{"allow":["GET"]}}],"collection":[{"href":"https:\/\/bts.rekord.com.pl\/sklep\/wp-json\/wp\/v2\/pages"}],"about":[{"href":"https:\/\/bts.rekord.com.pl\/sklep\/wp-json\/wp\/v2\/types\/page"}],"author":[{"embeddable":true,"href":"https:\/\/bts.rekord.com.pl\/sklep\/wp-json\/wp\/v2\/users\/2"}],"replies":[{"embeddable":true,"href":"https:\/\/bts.rekord.com.pl\/sklep\/wp-json\/wp\/v2\/comments?post=1387"}],"version-history":[{"count":67,"href":"https:\/\/bts.rekord.com.pl\/sklep\/wp-json\/wp\/v2\/pages\/1387\/revisions"}],"predecessor-version":[{"id":2559,"href":"https:\/\/bts.rekord.com.pl\/sklep\/wp-json\/wp\/v2\/pages\/1387\/revisions\/2559"}],"wp:attachment":[{"href":"https:\/\/bts.rekord.com.pl\/sklep\/wp-json\/wp\/v2\/media?parent=1387"}],"curies":[{"name":"wp","href":"https:\/\/api.w.org\/{rel}","templated":true}]}}